{"id":11974,"date":"2025-12-01T09:32:38","date_gmt":"2025-12-01T09:32:38","guid":{"rendered":"https:\/\/adambookshop.com\/?post_type=product&#038;p=11974"},"modified":"2025-12-01T09:32:38","modified_gmt":"2025-12-01T09:32:38","slug":"la-petite-fadette","status":"publish","type":"product","link":"https:\/\/adambookshop.com\/?product=la-petite-fadette","title":{"rendered":"La Petite Fadette"},"content":{"rendered":"<p>Qu&#8217;on l&#8217;appelle sorci\u00e8re ou farfadet, le personnage de la petite Fadette est nimb\u00e9 d&#8217;une inqui\u00e9tante magie. Les paysans l&#8217;accusent d&#8217;avoir ensorcel\u00e9 un jeune villageois tomb\u00e9 amoureux d&#8217;elle : Landry est en effet m\u00e9tamorphos\u00e9 par cette jeune fille myst\u00e9rieuse. Mais, en fait de magie, Fadette initie le jeune homme aux secrets de la nature, pour laquelle elle nourrit une foi simple et raisonn\u00e9e. Cette alchimie s&#8217;exprime aussi dans la mati\u00e8re du roman. Sand explore la langue comme la Fadette parcourt la campagne : \u00e0 l&#8217;\u00e9coute de toutes ses nuances et variations, elle d\u00e9couvre dans le dialecte du Berry le refuge d&#8217;un fran\u00e7ais que l&#8217;acad\u00e9misme avait \u00e9touff\u00e9. Au secours de ces rythmes oubli\u00e9s, l&#8217;\u00e9crivaine marie les langues, croise les registres pour forger une \u00e9criture neuve. Ces explorations de la nature et de la langue ont tout d&#8217;un combat : l&#8217;h\u00e9ro\u00efne devra faire preuve de ruse et d&#8217;acharnement pour venir \u00e0 bout des superstitions paysannes. Au-del\u00e0 des charmes d&#8217;une lecture bucolique, La Petite Fadette a la profondeur d&#8217;un ensorcellement.<\/p>\n","protected":false},"excerpt":{"rendered":"<p>ISBN:9782070424719<\/p>\n<p>&nbsp;<\/p>\n","protected":false},"featured_media":11975,"comment_status":"open","ping_status":"closed","template":"","meta":{"content-type":""},"product_brand":[525],"product_cat":[220,15],"product_tag":[],"class_list":{"0":"post-11974","1":"product","2":"type-product","3":"status-publish","4":"has-post-thumbnail","6":"product_brand-525","7":"product_cat-adult","8":"product_cat-french","9":"pa_format-paperback","11":"first","12":"instock","13":"taxable","14":"shipping-taxable","15":"purchasable","16":"product-type-simple"},"_links":{"self":[{"href":"https:\/\/adambookshop.com\/index.php?rest_route=\/wp\/v2\/product\/11974","targetHints":{"allow":["GET"]}}],"collection":[{"href":"https:\/\/adambookshop.com\/index.php?rest_route=\/wp\/v2\/product"}],"about":[{"href":"https:\/\/adambookshop.com\/index.php?rest_route=\/wp\/v2\/types\/product"}],"replies":[{"embeddable":true,"href":"https:\/\/adambookshop.com\/index.php?rest_route=%2Fwp%2Fv2%2Fcomments&post=11974"}],"wp:featuredmedia":[{"embeddable":true,"href":"https:\/\/adambookshop.com\/index.php?rest_route=\/wp\/v2\/media\/11975"}],"wp:attachment":[{"href":"https:\/\/adambookshop.com\/index.php?rest_route=%2Fwp%2Fv2%2Fmedia&parent=11974"}],"wp:term":[{"taxonomy":"product_brand","embeddable":true,"href":"https:\/\/adambookshop.com\/index.php?rest_route=%2Fwp%2Fv2%2Fproduct_brand&post=11974"},{"taxonomy":"product_cat","embeddable":true,"href":"https:\/\/adambookshop.com\/index.php?rest_route=%2Fwp%2Fv2%2Fproduct_cat&post=11974"},{"taxonomy":"product_tag","embeddable":true,"href":"https:\/\/adambookshop.com\/index.php?rest_route=%2Fwp%2Fv2%2Fproduct_tag&post=11974"}],"curies":[{"name":"wp","href":"https:\/\/api.w.org\/{rel}","templated":true}]}}