{"id":11964,"date":"2025-12-01T09:24:13","date_gmt":"2025-12-01T09:24:13","guid":{"rendered":"https:\/\/adambookshop.com\/?post_type=product&#038;p=11964"},"modified":"2025-12-01T09:24:14","modified_gmt":"2025-12-01T09:24:14","slug":"boule-de-suif-et-autres-nouvelles","status":"publish","type":"product","link":"https:\/\/adambookshop.com\/?product=boule-de-suif-et-autres-nouvelles","title":{"rendered":"Boule de suif et autres nouvelles"},"content":{"rendered":"<div class=\"woocommerce-product-details__short-description\">\n<p>Le monde est cruel pour les gens honn\u00eates. Boule de suif, prostitu\u00e9e au grand c\u0153ur, l\u2019apprendra \u00e0 ses d\u00e9pens. Outre sa plus c\u00e9l\u00e8bre nouvelle, Maupassant tisse des histoires o\u00f9 la cruaut\u00e9 est souvent le ma\u00eetre-mot.<br \/>\nDans \u00ab Le Crime au p\u00e8re Boniface \u00bb, un facteur mobilise une brigade de gendarmerie enti\u00e8re en croyant avoir \u00e9t\u00e9 t\u00e9moin d\u2019une agression. Dans \u00ab La Parure \u00bb, en voulant rembourser une amie, une jeune femme se retrouve dans un engrenage infernal qui pourrait la mener \u00e0 la ruine. Dans \u00ab Le Duel \u00bb, tout commence par une simple affaire de tabac et se termine par un r\u00e8glement de compte par arme \u00e0 feu.<br \/>\nD\u2019une ironie sans faille, les nouvelles de Maupassant visent au plus juste. Que l\u2019intrigue tourne autour du sexe, de l\u2019argent ou des apparences, les histoires nous r\u00e9servent toujours des chutes aussi violentes qu\u2019inattendues.<\/p>\n<\/div>\n<div class=\"quantity\"><\/div>\n","protected":false},"excerpt":{"rendered":"<p>ISBN:9782070411191<\/p>\n<p>&nbsp;<\/p>\n","protected":false},"featured_media":11969,"comment_status":"open","ping_status":"closed","template":"","meta":{"content-type":""},"product_brand":[525],"product_cat":[220,15],"product_tag":[],"class_list":{"0":"post-11964","1":"product","2":"type-product","3":"status-publish","4":"has-post-thumbnail","6":"product_brand-525","7":"product_cat-adult","8":"product_cat-french","9":"pa_format-paperback","11":"first","12":"instock","13":"taxable","14":"shipping-taxable","15":"purchasable","16":"product-type-simple"},"_links":{"self":[{"href":"https:\/\/adambookshop.com\/index.php?rest_route=\/wp\/v2\/product\/11964","targetHints":{"allow":["GET"]}}],"collection":[{"href":"https:\/\/adambookshop.com\/index.php?rest_route=\/wp\/v2\/product"}],"about":[{"href":"https:\/\/adambookshop.com\/index.php?rest_route=\/wp\/v2\/types\/product"}],"replies":[{"embeddable":true,"href":"https:\/\/adambookshop.com\/index.php?rest_route=%2Fwp%2Fv2%2Fcomments&post=11964"}],"wp:featuredmedia":[{"embeddable":true,"href":"https:\/\/adambookshop.com\/index.php?rest_route=\/wp\/v2\/media\/11969"}],"wp:attachment":[{"href":"https:\/\/adambookshop.com\/index.php?rest_route=%2Fwp%2Fv2%2Fmedia&parent=11964"}],"wp:term":[{"taxonomy":"product_brand","embeddable":true,"href":"https:\/\/adambookshop.com\/index.php?rest_route=%2Fwp%2Fv2%2Fproduct_brand&post=11964"},{"taxonomy":"product_cat","embeddable":true,"href":"https:\/\/adambookshop.com\/index.php?rest_route=%2Fwp%2Fv2%2Fproduct_cat&post=11964"},{"taxonomy":"product_tag","embeddable":true,"href":"https:\/\/adambookshop.com\/index.php?rest_route=%2Fwp%2Fv2%2Fproduct_tag&post=11964"}],"curies":[{"name":"wp","href":"https:\/\/api.w.org\/{rel}","templated":true}]}}