{"id":11962,"date":"2025-12-01T09:19:22","date_gmt":"2025-12-01T09:19:22","guid":{"rendered":"https:\/\/adambookshop.com\/?post_type=product&#038;p=11962"},"modified":"2025-12-01T09:19:23","modified_gmt":"2025-12-01T09:19:23","slug":"la-promesse-de-laube","status":"publish","type":"product","link":"https:\/\/adambookshop.com\/?product=la-promesse-de-laube","title":{"rendered":"La promesse de l\u2019aube"},"content":{"rendered":"<p>\u00ab \u2013 Tu seras un h\u00e9ros, tu seras g\u00e9n\u00e9ral, Gabriele D\u2019Annunzio, ambassadeur de France \u2013 tous ces voyous ne savent pas qui tu es !<br \/>\nJe crois que jamais un fils n\u2019a ha\u00ef sa m\u00e8re autant que moi, \u00e0 ce moment-l\u00e0. Mais, alors que j\u2019essayais de lui expliquer dans un murmure rageur qu\u2019elle me compromettait irr\u00e9m\u00e9diablement aux yeux de l\u2019Arm\u00e9e de l\u2019air, et que je faisais un nouvel effort pour la pousser derri\u00e8re le taxi, son visage prit une expression d\u00e9sempar\u00e9e, ses l\u00e8vres se mirent \u00e0 trembler, et j\u2019entendis une fois de plus la formule intol\u00e9rable, devenue depuis longtemps classique dans nos rapports : \u2013 Alors, tu as honte de ta vieille m\u00e8re ? \u00bb<\/p>\n","protected":false},"excerpt":{"rendered":"<p>ISBN:9782070363735<\/p>\n<p>&nbsp;<\/p>\n","protected":false},"featured_media":11963,"comment_status":"open","ping_status":"closed","template":"","meta":{"content-type":""},"product_brand":[525],"product_cat":[220,15],"product_tag":[],"class_list":{"0":"post-11962","1":"product","2":"type-product","3":"status-publish","4":"has-post-thumbnail","6":"product_brand-525","7":"product_cat-adult","8":"product_cat-french","9":"pa_format-paperback","11":"first","12":"instock","13":"taxable","14":"shipping-taxable","15":"purchasable","16":"product-type-simple"},"_links":{"self":[{"href":"https:\/\/adambookshop.com\/index.php?rest_route=\/wp\/v2\/product\/11962","targetHints":{"allow":["GET"]}}],"collection":[{"href":"https:\/\/adambookshop.com\/index.php?rest_route=\/wp\/v2\/product"}],"about":[{"href":"https:\/\/adambookshop.com\/index.php?rest_route=\/wp\/v2\/types\/product"}],"replies":[{"embeddable":true,"href":"https:\/\/adambookshop.com\/index.php?rest_route=%2Fwp%2Fv2%2Fcomments&post=11962"}],"wp:featuredmedia":[{"embeddable":true,"href":"https:\/\/adambookshop.com\/index.php?rest_route=\/wp\/v2\/media\/11963"}],"wp:attachment":[{"href":"https:\/\/adambookshop.com\/index.php?rest_route=%2Fwp%2Fv2%2Fmedia&parent=11962"}],"wp:term":[{"taxonomy":"product_brand","embeddable":true,"href":"https:\/\/adambookshop.com\/index.php?rest_route=%2Fwp%2Fv2%2Fproduct_brand&post=11962"},{"taxonomy":"product_cat","embeddable":true,"href":"https:\/\/adambookshop.com\/index.php?rest_route=%2Fwp%2Fv2%2Fproduct_cat&post=11962"},{"taxonomy":"product_tag","embeddable":true,"href":"https:\/\/adambookshop.com\/index.php?rest_route=%2Fwp%2Fv2%2Fproduct_tag&post=11962"}],"curies":[{"name":"wp","href":"https:\/\/api.w.org\/{rel}","templated":true}]}}