{"id":11955,"date":"2025-12-01T09:14:38","date_gmt":"2025-12-01T09:14:38","guid":{"rendered":"https:\/\/adambookshop.com\/?post_type=product&#038;p=11955"},"modified":"2025-12-01T09:14:39","modified_gmt":"2025-12-01T09:14:39","slug":"les-faux-monnayeurs","status":"publish","type":"product","link":"https:\/\/adambookshop.com\/?product=les-faux-monnayeurs","title":{"rendered":"Les faux-monnayeurs"},"content":{"rendered":"<p style=\"text-align: left\">Depuis quelque temps, des pi\u00e8ces de fausse monnaie circulent. J\u2019en suis averti. Je n\u2019ai pas encore r\u00e9ussi \u00e0 d\u00e9couvrir leur provenance. Mais je sais que le jeune Georges \u2014 tout na\u00efvement, je veux le croire \u2014 est un de ceux qui s\u2019en servent et les mettent en circulation. Ils sont quelques-uns, de l\u2019\u00e2ge de votre neveu, qui se pr\u00eatent \u00e0 ce honteux trafic. Je ne mets pas en doute qu\u2019on abuse de leur innocence et que ces enfants sans discernement ne jouent le r\u00f4le de dupes entre les mains de quelques coupables a\u00een\u00e9s.<\/p>\n","protected":false},"excerpt":{"rendered":"<p>ISBN:9782070368792<\/p>\n<p>&nbsp;<\/p>\n","protected":false},"featured_media":11958,"comment_status":"open","ping_status":"closed","template":"","meta":{"content-type":""},"product_brand":[525],"product_cat":[220],"product_tag":[],"class_list":{"0":"post-11955","1":"product","2":"type-product","3":"status-publish","4":"has-post-thumbnail","6":"product_brand-525","7":"product_cat-adult","8":"pa_format-paperback","10":"first","11":"instock","12":"taxable","13":"shipping-taxable","14":"purchasable","15":"product-type-simple"},"_links":{"self":[{"href":"https:\/\/adambookshop.com\/index.php?rest_route=\/wp\/v2\/product\/11955","targetHints":{"allow":["GET"]}}],"collection":[{"href":"https:\/\/adambookshop.com\/index.php?rest_route=\/wp\/v2\/product"}],"about":[{"href":"https:\/\/adambookshop.com\/index.php?rest_route=\/wp\/v2\/types\/product"}],"replies":[{"embeddable":true,"href":"https:\/\/adambookshop.com\/index.php?rest_route=%2Fwp%2Fv2%2Fcomments&post=11955"}],"wp:featuredmedia":[{"embeddable":true,"href":"https:\/\/adambookshop.com\/index.php?rest_route=\/wp\/v2\/media\/11958"}],"wp:attachment":[{"href":"https:\/\/adambookshop.com\/index.php?rest_route=%2Fwp%2Fv2%2Fmedia&parent=11955"}],"wp:term":[{"taxonomy":"product_brand","embeddable":true,"href":"https:\/\/adambookshop.com\/index.php?rest_route=%2Fwp%2Fv2%2Fproduct_brand&post=11955"},{"taxonomy":"product_cat","embeddable":true,"href":"https:\/\/adambookshop.com\/index.php?rest_route=%2Fwp%2Fv2%2Fproduct_cat&post=11955"},{"taxonomy":"product_tag","embeddable":true,"href":"https:\/\/adambookshop.com\/index.php?rest_route=%2Fwp%2Fv2%2Fproduct_tag&post=11955"}],"curies":[{"name":"wp","href":"https:\/\/api.w.org\/{rel}","templated":true}]}}