{"id":11948,"date":"2025-11-30T15:01:34","date_gmt":"2025-11-30T15:01:34","guid":{"rendered":"https:\/\/adambookshop.com\/?post_type=product&#038;p=11948"},"modified":"2025-11-30T15:01:34","modified_gmt":"2025-11-30T15:01:34","slug":"disney-vorlesebuch-das-grose-disney-geschichtenbuch","status":"publish","type":"product","link":"https:\/\/adambookshop.com\/?product=disney-vorlesebuch-das-grose-disney-geschichtenbuch","title":{"rendered":"Disney Vorlesebuch: Das gro\u00dfe Disney-Geschichtenbuch"},"content":{"rendered":"<p>Unendlicher Disney-Lesespa\u00df!<\/p>\n<p>Wie wunderbar weit ist das Disney-Universum mit all seinen gro\u00dfen und kleinen Held_innen!<\/p>\n<p>Viele davon finden sich auch in diesem umfangreichen Vorlesebuch, das zeitlos-sch\u00f6ne Disney-Geschichten zum Lesen und Tr\u00e4umen enth\u00e4lt.<\/p>\n<p>Dabei sind Klassiker wie Aladdin oder Winnie Puuh, aber auch neue Disney-Lieblinge wie Vaiana, die Detektive aus Zoomania, die Eisk\u00f6nigin und die neuen Held_innen aus Wish, um nur ein paar zu nennen.<\/p>\n","protected":false},"excerpt":{"rendered":"<p>ISBN:9783845129280<\/p>\n<p>&nbsp;<\/p>\n","protected":false},"featured_media":11950,"comment_status":"open","ping_status":"closed","template":"","meta":{"content-type":""},"product_brand":[],"product_cat":[219],"product_tag":[],"class_list":{"0":"post-11948","1":"product","2":"type-product","3":"status-publish","4":"has-post-thumbnail","6":"product_cat-kids-german","7":"pa_format-hardcover","9":"first","10":"instock","11":"taxable","12":"shipping-taxable","13":"purchasable","14":"product-type-simple"},"_links":{"self":[{"href":"https:\/\/adambookshop.com\/index.php?rest_route=\/wp\/v2\/product\/11948","targetHints":{"allow":["GET"]}}],"collection":[{"href":"https:\/\/adambookshop.com\/index.php?rest_route=\/wp\/v2\/product"}],"about":[{"href":"https:\/\/adambookshop.com\/index.php?rest_route=\/wp\/v2\/types\/product"}],"replies":[{"embeddable":true,"href":"https:\/\/adambookshop.com\/index.php?rest_route=%2Fwp%2Fv2%2Fcomments&post=11948"}],"wp:featuredmedia":[{"embeddable":true,"href":"https:\/\/adambookshop.com\/index.php?rest_route=\/wp\/v2\/media\/11950"}],"wp:attachment":[{"href":"https:\/\/adambookshop.com\/index.php?rest_route=%2Fwp%2Fv2%2Fmedia&parent=11948"}],"wp:term":[{"taxonomy":"product_brand","embeddable":true,"href":"https:\/\/adambookshop.com\/index.php?rest_route=%2Fwp%2Fv2%2Fproduct_brand&post=11948"},{"taxonomy":"product_cat","embeddable":true,"href":"https:\/\/adambookshop.com\/index.php?rest_route=%2Fwp%2Fv2%2Fproduct_cat&post=11948"},{"taxonomy":"product_tag","embeddable":true,"href":"https:\/\/adambookshop.com\/index.php?rest_route=%2Fwp%2Fv2%2Fproduct_tag&post=11948"}],"curies":[{"name":"wp","href":"https:\/\/api.w.org\/{rel}","templated":true}]}}