{"id":11946,"date":"2025-11-30T14:51:11","date_gmt":"2025-11-30T14:51:11","guid":{"rendered":"https:\/\/adambookshop.com\/?post_type=product&#038;p=11946"},"modified":"2025-11-30T14:51:11","modified_gmt":"2025-11-30T14:51:11","slug":"paw-patrol-geschichtenbuch-meine-grosen-vorleseabenteuer-16-spannende-geschichten","status":"publish","type":"product","link":"https:\/\/adambookshop.com\/?product=paw-patrol-geschichtenbuch-meine-grosen-vorleseabenteuer-16-spannende-geschichten","title":{"rendered":"PAW Patrol Geschichtenbuch: Meine gro\u00dfen Vorleseabenteuer: 16 spannende Geschichten!"},"content":{"rendered":"<p>Das gro\u00dfe PAW-Patrol-Vorlesebuch &#8211; 16 Rettungsmissionen f\u00fcr kleine Helden und Heldinnen!<\/p>\n<p>Die mutigen Welpen der PAW Patrol sind wieder im Einsatz! Sie retten Tiere, erkunden den Dschungel, begegnen Drachen, tauchen in die Tiefen des Meeres und entdecken die Welt der Dinosaurier. Mit spannenden Abenteuern aus den beliebten Themenwelten Dino Rescue, Rescue Knights, Catpack und Aqua Pups und vielen weiteren Geschichten bietet dieses superdicke Buch jede Menge Vorlesespa\u00df f\u00fcr kleine Fans ab 3 Jahren.<br \/>\n16 actionreiche Geschichten basierend auf Folgen aus aktuellen PAW-Patrol-StaffelnPerfekt f\u00fcr gemeinsame Vorlesemomente &#8211; voller Abenteuer, Mut und TeamgeistEin toller Fanartikel f\u00fcr alle PAW-Patrol-Fans &#8211; ideal als Geschenk!<br \/>\nDas neue umfangreiche Geschichtenbuch, das in keinem Kinderzimmer fehlen darf!<\/p>\n","protected":false},"excerpt":{"rendered":"<p>ISBN:9783845128979<\/p>\n<p>&nbsp;<\/p>\n","protected":false},"featured_media":11947,"comment_status":"open","ping_status":"closed","template":"","meta":{"content-type":""},"product_brand":[1221],"product_cat":[219],"product_tag":[],"class_list":{"0":"post-11946","1":"product","2":"type-product","3":"status-publish","4":"has-post-thumbnail","6":"product_brand-nelson","7":"product_cat-kids-german","8":"pa_format-hardcover","10":"first","11":"instock","12":"taxable","13":"shipping-taxable","14":"purchasable","15":"product-type-simple"},"_links":{"self":[{"href":"https:\/\/adambookshop.com\/index.php?rest_route=\/wp\/v2\/product\/11946","targetHints":{"allow":["GET"]}}],"collection":[{"href":"https:\/\/adambookshop.com\/index.php?rest_route=\/wp\/v2\/product"}],"about":[{"href":"https:\/\/adambookshop.com\/index.php?rest_route=\/wp\/v2\/types\/product"}],"replies":[{"embeddable":true,"href":"https:\/\/adambookshop.com\/index.php?rest_route=%2Fwp%2Fv2%2Fcomments&post=11946"}],"wp:featuredmedia":[{"embeddable":true,"href":"https:\/\/adambookshop.com\/index.php?rest_route=\/wp\/v2\/media\/11947"}],"wp:attachment":[{"href":"https:\/\/adambookshop.com\/index.php?rest_route=%2Fwp%2Fv2%2Fmedia&parent=11946"}],"wp:term":[{"taxonomy":"product_brand","embeddable":true,"href":"https:\/\/adambookshop.com\/index.php?rest_route=%2Fwp%2Fv2%2Fproduct_brand&post=11946"},{"taxonomy":"product_cat","embeddable":true,"href":"https:\/\/adambookshop.com\/index.php?rest_route=%2Fwp%2Fv2%2Fproduct_cat&post=11946"},{"taxonomy":"product_tag","embeddable":true,"href":"https:\/\/adambookshop.com\/index.php?rest_route=%2Fwp%2Fv2%2Fproduct_tag&post=11946"}],"curies":[{"name":"wp","href":"https:\/\/api.w.org\/{rel}","templated":true}]}}