{"id":11942,"date":"2025-11-30T14:46:33","date_gmt":"2025-11-30T14:46:33","guid":{"rendered":"https:\/\/adambookshop.com\/?post_type=product&#038;p=11942"},"modified":"2025-11-30T14:46:33","modified_gmt":"2025-11-30T14:46:33","slug":"oscar-ein-hund-findet-ein-zuhause","status":"publish","type":"product","link":"https:\/\/adambookshop.com\/?product=oscar-ein-hund-findet-ein-zuhause","title":{"rendered":"Oscar &#8211; Ein Hund findet ein Zuhause"},"content":{"rendered":"<p>Hund Oscar lebt auf der Stra\u00dfe. Er geh\u00f6rt zu niemandem und findet das ganz gut so. Bis eines Tages ein kleiner Junge nebenan einzieht. Jan w\u00fcnscht sich nichts sehnlicher als einen Hund. Als Oscar beobachtet, wie Jan in Schwierigkeiten ger\u00e4t, eilt er ihm zu Hilfe. Denn Oscar ist klar: Jan braucht einen Freund! Eine herzerw\u00e4rmende Geschichte mit wundervollen Bildern f\u00fcr kleine und gro\u00dfe Hundeliebhaber.<\/p>\n","protected":false},"excerpt":{"rendered":"<p>ISBN:9783961290307<\/p>\n<p>&nbsp;<\/p>\n","protected":false},"featured_media":11943,"comment_status":"open","ping_status":"closed","template":"","meta":{"content-type":""},"product_brand":[],"product_cat":[219],"product_tag":[],"class_list":{"0":"post-11942","1":"product","2":"type-product","3":"status-publish","4":"has-post-thumbnail","6":"product_cat-kids-german","7":"pa_format-hardcover","9":"first","10":"instock","11":"taxable","12":"shipping-taxable","13":"purchasable","14":"product-type-simple"},"_links":{"self":[{"href":"https:\/\/adambookshop.com\/index.php?rest_route=\/wp\/v2\/product\/11942","targetHints":{"allow":["GET"]}}],"collection":[{"href":"https:\/\/adambookshop.com\/index.php?rest_route=\/wp\/v2\/product"}],"about":[{"href":"https:\/\/adambookshop.com\/index.php?rest_route=\/wp\/v2\/types\/product"}],"replies":[{"embeddable":true,"href":"https:\/\/adambookshop.com\/index.php?rest_route=%2Fwp%2Fv2%2Fcomments&post=11942"}],"wp:featuredmedia":[{"embeddable":true,"href":"https:\/\/adambookshop.com\/index.php?rest_route=\/wp\/v2\/media\/11943"}],"wp:attachment":[{"href":"https:\/\/adambookshop.com\/index.php?rest_route=%2Fwp%2Fv2%2Fmedia&parent=11942"}],"wp:term":[{"taxonomy":"product_brand","embeddable":true,"href":"https:\/\/adambookshop.com\/index.php?rest_route=%2Fwp%2Fv2%2Fproduct_brand&post=11942"},{"taxonomy":"product_cat","embeddable":true,"href":"https:\/\/adambookshop.com\/index.php?rest_route=%2Fwp%2Fv2%2Fproduct_cat&post=11942"},{"taxonomy":"product_tag","embeddable":true,"href":"https:\/\/adambookshop.com\/index.php?rest_route=%2Fwp%2Fv2%2Fproduct_tag&post=11942"}],"curies":[{"name":"wp","href":"https:\/\/api.w.org\/{rel}","templated":true}]}}