{"id":11932,"date":"2025-11-30T14:04:04","date_gmt":"2025-11-30T14:04:04","guid":{"rendered":"https:\/\/adambookshop.com\/?post_type=product&#038;p=11932"},"modified":"2025-11-30T14:04:06","modified_gmt":"2025-11-30T14:04:06","slug":"disney-prinzessin-meine-ersten-gutenachtgeschichten","status":"publish","type":"product","link":"https:\/\/adambookshop.com\/?product=disney-prinzessin-meine-ersten-gutenachtgeschichten","title":{"rendered":"Disney Prinzessin: Meine ersten Gutenachtgeschichten"},"content":{"rendered":"<h4>Ein Lieblingsbuch f\u00fcr jeden Abend! F\u00fcr Kinder ab 3 Jahren!<\/p>\n<p>Begleite die Prinzessinnen aus dem Disney-Universum bei ihren Abenteuern und lass dich verzaubern. Dieses farbenfroh illustrierte Buch enth\u00e4lt die sechs Originalgeschichten von Arielle, Belle, Cinderella, Jasmin, Rapunzel und Schneewittchen.<\/p>\n<p>Jede Erz\u00e4hlung bietet viele Bilder und kurze Texte &#8211; der perfekte Vorlesespa\u00df f\u00fcr die kleinsten Disney-Fans. Mit Einschlaf-Garantie!<\/h4>\n","protected":false},"excerpt":{"rendered":"<p>ISBN:9783845122625<\/p>\n","protected":false},"featured_media":11933,"comment_status":"open","ping_status":"closed","template":"","meta":{"content-type":""},"product_brand":[1221],"product_cat":[193,219],"product_tag":[],"class_list":{"0":"post-11932","1":"product","2":"type-product","3":"status-publish","4":"has-post-thumbnail","6":"product_brand-nelson","7":"product_cat-german","8":"product_cat-kids-german","9":"pa_format-hardcover","11":"first","12":"instock","13":"taxable","14":"shipping-taxable","15":"purchasable","16":"product-type-simple"},"_links":{"self":[{"href":"https:\/\/adambookshop.com\/index.php?rest_route=\/wp\/v2\/product\/11932","targetHints":{"allow":["GET"]}}],"collection":[{"href":"https:\/\/adambookshop.com\/index.php?rest_route=\/wp\/v2\/product"}],"about":[{"href":"https:\/\/adambookshop.com\/index.php?rest_route=\/wp\/v2\/types\/product"}],"replies":[{"embeddable":true,"href":"https:\/\/adambookshop.com\/index.php?rest_route=%2Fwp%2Fv2%2Fcomments&post=11932"}],"wp:featuredmedia":[{"embeddable":true,"href":"https:\/\/adambookshop.com\/index.php?rest_route=\/wp\/v2\/media\/11933"}],"wp:attachment":[{"href":"https:\/\/adambookshop.com\/index.php?rest_route=%2Fwp%2Fv2%2Fmedia&parent=11932"}],"wp:term":[{"taxonomy":"product_brand","embeddable":true,"href":"https:\/\/adambookshop.com\/index.php?rest_route=%2Fwp%2Fv2%2Fproduct_brand&post=11932"},{"taxonomy":"product_cat","embeddable":true,"href":"https:\/\/adambookshop.com\/index.php?rest_route=%2Fwp%2Fv2%2Fproduct_cat&post=11932"},{"taxonomy":"product_tag","embeddable":true,"href":"https:\/\/adambookshop.com\/index.php?rest_route=%2Fwp%2Fv2%2Fproduct_tag&post=11932"}],"curies":[{"name":"wp","href":"https:\/\/api.w.org\/{rel}","templated":true}]}}