{"id":11928,"date":"2025-11-30T13:55:49","date_gmt":"2025-11-30T13:55:49","guid":{"rendered":"https:\/\/adambookshop.com\/?post_type=product&#038;p=11928"},"modified":"2025-11-30T13:55:51","modified_gmt":"2025-11-30T13:55:51","slug":"marvel-beginnings-meine-ersten-gutenacht-geschichten","status":"publish","type":"product","link":"https:\/\/adambookshop.com\/?product=marvel-beginnings-meine-ersten-gutenacht-geschichten","title":{"rendered":"MARVEL Beginnings: Meine ersten Gutenacht-Geschichten"},"content":{"rendered":"<p>Mit Marvel-Held_innen ins Traumland!<\/p>\n<p>Sechs liebevoll erz\u00e4hlte Gute-Nacht-Geschichten mit den bekanntesten Marvel-Helden begleiten kleine Fans sanft in den Schlaf. Ob Hulk, Thor, Rocket und Groot, Ms. Marvel oder Black Panther &#8211; die Abenteuer bieten Action und Herz zugleich, kindgerecht erz\u00e4hlt und perfekt f\u00fcr das Einschlafritual. Gemeinsam den Tag ausklingen lassen und von spannenden Heldentaten tr\u00e4umen!<\/p>\n<p>Dank der kurzen Geschichten ist dieses Buch ideal f\u00fcr Kinder von 3 bis 5 Jahren.<\/p>\n","protected":false},"excerpt":{"rendered":"<p>ISBN:9783845129365<\/p>\n","protected":false},"featured_media":11929,"comment_status":"open","ping_status":"closed","template":"","meta":{"content-type":""},"product_brand":[1221],"product_cat":[193,219],"product_tag":[],"class_list":{"0":"post-11928","1":"product","2":"type-product","3":"status-publish","4":"has-post-thumbnail","6":"product_brand-nelson","7":"product_cat-german","8":"product_cat-kids-german","9":"pa_format-hardcover","11":"first","12":"instock","13":"taxable","14":"shipping-taxable","15":"purchasable","16":"product-type-simple"},"_links":{"self":[{"href":"https:\/\/adambookshop.com\/index.php?rest_route=\/wp\/v2\/product\/11928","targetHints":{"allow":["GET"]}}],"collection":[{"href":"https:\/\/adambookshop.com\/index.php?rest_route=\/wp\/v2\/product"}],"about":[{"href":"https:\/\/adambookshop.com\/index.php?rest_route=\/wp\/v2\/types\/product"}],"replies":[{"embeddable":true,"href":"https:\/\/adambookshop.com\/index.php?rest_route=%2Fwp%2Fv2%2Fcomments&post=11928"}],"wp:featuredmedia":[{"embeddable":true,"href":"https:\/\/adambookshop.com\/index.php?rest_route=\/wp\/v2\/media\/11929"}],"wp:attachment":[{"href":"https:\/\/adambookshop.com\/index.php?rest_route=%2Fwp%2Fv2%2Fmedia&parent=11928"}],"wp:term":[{"taxonomy":"product_brand","embeddable":true,"href":"https:\/\/adambookshop.com\/index.php?rest_route=%2Fwp%2Fv2%2Fproduct_brand&post=11928"},{"taxonomy":"product_cat","embeddable":true,"href":"https:\/\/adambookshop.com\/index.php?rest_route=%2Fwp%2Fv2%2Fproduct_cat&post=11928"},{"taxonomy":"product_tag","embeddable":true,"href":"https:\/\/adambookshop.com\/index.php?rest_route=%2Fwp%2Fv2%2Fproduct_tag&post=11928"}],"curies":[{"name":"wp","href":"https:\/\/api.w.org\/{rel}","templated":true}]}}