{"id":11924,"date":"2025-11-30T13:21:38","date_gmt":"2025-11-30T13:21:38","guid":{"rendered":"https:\/\/adambookshop.com\/?post_type=product&#038;p=11924"},"modified":"2025-11-30T13:21:38","modified_gmt":"2025-11-30T13:21:38","slug":"disney-prinzessin-die-allerschonsten-pferdegeschichten","status":"publish","type":"product","link":"https:\/\/adambookshop.com\/?product=disney-prinzessin-die-allerschonsten-pferdegeschichten","title":{"rendered":"Disney Prinzessin: Die allersch\u00f6nsten Pferdegeschichten"},"content":{"rendered":"<h4>Magischer Disney-Vorlesespa\u00df f\u00fcr kleine Prinzessin- und Pferdefans!<\/p>\n<p>In diesem wundersch\u00f6nen Vorlesebuch erleben die Disney-Prinzessinnen unvergessliche Abenteuer mit ihren treuen Pferden. Arielle entdeckt die Welt auf dem Pferder\u00fccken, Merida folgt einer geheimnisvollen Legende, Aurora wagt sich in ein Ritterturnier und Schneewittchen erlebt eine spannende Reise durch den Wald. Vier zauberhafte Geschichten, die kleine Pferde- und Prinzessinnen-Fans begeistern!<br \/>\nLiebevoll erz\u00e4hlte Pferdeabenteuer mit den beliebtesten Disney-PrinzessinnenPerfekt f\u00fcr gem\u00fctliche Vorlesemomente mit Kindern ab 3 JahrenWundersch\u00f6n illustriert &#8211; ideal f\u00fcr kleine Fans von M\u00e4rchen und Pferden<br \/>\nEin traumhaftes Buch f\u00fcr alle, die Prinzessinnen und Pferde lieben!<\/h4>\n","protected":false},"excerpt":{"rendered":"<p>ISBN:9783845128924<\/p>\n","protected":false},"featured_media":11925,"comment_status":"open","ping_status":"closed","template":"","meta":{"content-type":""},"product_brand":[1221],"product_cat":[193,219],"product_tag":[],"class_list":{"0":"post-11924","1":"product","2":"type-product","3":"status-publish","4":"has-post-thumbnail","6":"product_brand-nelson","7":"product_cat-german","8":"product_cat-kids-german","9":"pa_format-hardcover","11":"first","12":"instock","13":"taxable","14":"shipping-taxable","15":"purchasable","16":"product-type-simple"},"_links":{"self":[{"href":"https:\/\/adambookshop.com\/index.php?rest_route=\/wp\/v2\/product\/11924","targetHints":{"allow":["GET"]}}],"collection":[{"href":"https:\/\/adambookshop.com\/index.php?rest_route=\/wp\/v2\/product"}],"about":[{"href":"https:\/\/adambookshop.com\/index.php?rest_route=\/wp\/v2\/types\/product"}],"replies":[{"embeddable":true,"href":"https:\/\/adambookshop.com\/index.php?rest_route=%2Fwp%2Fv2%2Fcomments&post=11924"}],"wp:featuredmedia":[{"embeddable":true,"href":"https:\/\/adambookshop.com\/index.php?rest_route=\/wp\/v2\/media\/11925"}],"wp:attachment":[{"href":"https:\/\/adambookshop.com\/index.php?rest_route=%2Fwp%2Fv2%2Fmedia&parent=11924"}],"wp:term":[{"taxonomy":"product_brand","embeddable":true,"href":"https:\/\/adambookshop.com\/index.php?rest_route=%2Fwp%2Fv2%2Fproduct_brand&post=11924"},{"taxonomy":"product_cat","embeddable":true,"href":"https:\/\/adambookshop.com\/index.php?rest_route=%2Fwp%2Fv2%2Fproduct_cat&post=11924"},{"taxonomy":"product_tag","embeddable":true,"href":"https:\/\/adambookshop.com\/index.php?rest_route=%2Fwp%2Fv2%2Fproduct_tag&post=11924"}],"curies":[{"name":"wp","href":"https:\/\/api.w.org\/{rel}","templated":true}]}}