{"id":11922,"date":"2025-11-30T13:17:24","date_gmt":"2025-11-30T13:17:24","guid":{"rendered":"https:\/\/adambookshop.com\/?post_type=product&#038;p=11922"},"modified":"2025-11-30T13:17:24","modified_gmt":"2025-11-30T13:17:24","slug":"disney-vorlesebuch-klopfer-zauberhafte-gutenacht-geschichten","status":"publish","type":"product","link":"https:\/\/adambookshop.com\/?product=disney-vorlesebuch-klopfer-zauberhafte-gutenacht-geschichten","title":{"rendered":"Disney Vorlesebuch: Klopfer: Zauberhafte Gutenacht-Geschichten"},"content":{"rendered":"<h4>6 Gute-Nacht-Geschichten zum Vorlesen ab 3 Jahren! F\u00fcr eine entspannte Abendroutine und sch\u00f6ne Tr\u00e4ume.<\/p>\n<p>Es ist Schlafenszeit. Doch bevor es ins Bett geht, tauchst du tief in die Welt von Klopfer und seiner Familie ein. Bei ihren Streifz\u00fcgen durch den Wald freunden sich der kleine Hase und seine Schwestern mit vielen liebenswerten Tieren an und erfahren eine Menge \u00fcber die Natur.<\/p>\n<p>Dieses farbenfroh illustrierte Buch enth\u00e4lt sechs Geschichten mit der perfekten Vorlesel\u00e4nge. Ein Lieblingsbuch f\u00fcr jeden Abend<\/h4>\n","protected":false},"excerpt":{"rendered":"<p>ISBN:9783845124902<\/p>\n","protected":false},"featured_media":11923,"comment_status":"open","ping_status":"closed","template":"","meta":{"content-type":""},"product_brand":[1221],"product_cat":[193,219],"product_tag":[],"class_list":{"0":"post-11922","1":"product","2":"type-product","3":"status-publish","4":"has-post-thumbnail","6":"product_brand-nelson","7":"product_cat-german","8":"product_cat-kids-german","9":"pa_format-hardcover","11":"first","12":"instock","13":"taxable","14":"shipping-taxable","15":"purchasable","16":"product-type-simple"},"_links":{"self":[{"href":"https:\/\/adambookshop.com\/index.php?rest_route=\/wp\/v2\/product\/11922","targetHints":{"allow":["GET"]}}],"collection":[{"href":"https:\/\/adambookshop.com\/index.php?rest_route=\/wp\/v2\/product"}],"about":[{"href":"https:\/\/adambookshop.com\/index.php?rest_route=\/wp\/v2\/types\/product"}],"replies":[{"embeddable":true,"href":"https:\/\/adambookshop.com\/index.php?rest_route=%2Fwp%2Fv2%2Fcomments&post=11922"}],"wp:featuredmedia":[{"embeddable":true,"href":"https:\/\/adambookshop.com\/index.php?rest_route=\/wp\/v2\/media\/11923"}],"wp:attachment":[{"href":"https:\/\/adambookshop.com\/index.php?rest_route=%2Fwp%2Fv2%2Fmedia&parent=11922"}],"wp:term":[{"taxonomy":"product_brand","embeddable":true,"href":"https:\/\/adambookshop.com\/index.php?rest_route=%2Fwp%2Fv2%2Fproduct_brand&post=11922"},{"taxonomy":"product_cat","embeddable":true,"href":"https:\/\/adambookshop.com\/index.php?rest_route=%2Fwp%2Fv2%2Fproduct_cat&post=11922"},{"taxonomy":"product_tag","embeddable":true,"href":"https:\/\/adambookshop.com\/index.php?rest_route=%2Fwp%2Fv2%2Fproduct_tag&post=11922"}],"curies":[{"name":"wp","href":"https:\/\/api.w.org\/{rel}","templated":true}]}}