{"id":11920,"date":"2025-11-30T13:14:18","date_gmt":"2025-11-30T13:14:18","guid":{"rendered":"https:\/\/adambookshop.com\/?post_type=product&#038;p=11920"},"modified":"2025-11-30T13:14:19","modified_gmt":"2025-11-30T13:14:19","slug":"disney-wish-das-buch-zum-film-zum-vor-und-selbstlesen","status":"publish","type":"product","link":"https:\/\/adambookshop.com\/?product=disney-wish-das-buch-zum-film-zum-vor-und-selbstlesen","title":{"rendered":"Disney: Wish Das Buch zum Film Zum Vor- und Selbstlesen"},"content":{"rendered":"<h4>Der neue Disney-Weihnachtsfilm stellt die Frage: Wie ist der Wunschstern entstanden, der so vielen Menschen W\u00fcnsche erf\u00fcllt?<\/p>\n<p>Die Geschichte spielt in Rosas, dem K\u00f6nigreich der W\u00fcnsche, in dem W\u00fcnsche buchst\u00e4blich wahr werden k\u00f6nnen, und folgt Asha, einer Optimistin mit scharfem Verstand, die sich unerm\u00fcdlich um ihre Gemeinschaft k\u00fcmmert. In einem Moment der Verzweiflung richtet Asha eine leidenschaftliche Bitte an die Sterne, die von einer kosmischen Kraft, einem kleinen Ball mit grenzenloser Energie namens Star, erh\u00f6rt wird. Gemeinsam stellen sie sich den schlimmsten Feinden, um ihre Gemeinschaft zu retten und zu beweisen, dass wundersame Dinge geschehen k\u00f6nnen, wenn sich der Wille eines mutigen Menschen mit der Magie der Sterne verbindet.<\/p>\n<p>Eine zauberhafte Geschichte zum Vorlesen!<\/h4>\n","protected":false},"excerpt":{"rendered":"<p>ISBN:9783845123684<\/p>\n","protected":false},"featured_media":11921,"comment_status":"open","ping_status":"closed","template":"","meta":{"content-type":""},"product_brand":[1221],"product_cat":[193,219],"product_tag":[],"class_list":{"0":"post-11920","1":"product","2":"type-product","3":"status-publish","4":"has-post-thumbnail","6":"product_brand-nelson","7":"product_cat-german","8":"product_cat-kids-german","9":"pa_format-hardcover","11":"first","12":"instock","13":"taxable","14":"shipping-taxable","15":"purchasable","16":"product-type-simple"},"_links":{"self":[{"href":"https:\/\/adambookshop.com\/index.php?rest_route=\/wp\/v2\/product\/11920","targetHints":{"allow":["GET"]}}],"collection":[{"href":"https:\/\/adambookshop.com\/index.php?rest_route=\/wp\/v2\/product"}],"about":[{"href":"https:\/\/adambookshop.com\/index.php?rest_route=\/wp\/v2\/types\/product"}],"replies":[{"embeddable":true,"href":"https:\/\/adambookshop.com\/index.php?rest_route=%2Fwp%2Fv2%2Fcomments&post=11920"}],"wp:featuredmedia":[{"embeddable":true,"href":"https:\/\/adambookshop.com\/index.php?rest_route=\/wp\/v2\/media\/11921"}],"wp:attachment":[{"href":"https:\/\/adambookshop.com\/index.php?rest_route=%2Fwp%2Fv2%2Fmedia&parent=11920"}],"wp:term":[{"taxonomy":"product_brand","embeddable":true,"href":"https:\/\/adambookshop.com\/index.php?rest_route=%2Fwp%2Fv2%2Fproduct_brand&post=11920"},{"taxonomy":"product_cat","embeddable":true,"href":"https:\/\/adambookshop.com\/index.php?rest_route=%2Fwp%2Fv2%2Fproduct_cat&post=11920"},{"taxonomy":"product_tag","embeddable":true,"href":"https:\/\/adambookshop.com\/index.php?rest_route=%2Fwp%2Fv2%2Fproduct_tag&post=11920"}],"curies":[{"name":"wp","href":"https:\/\/api.w.org\/{rel}","templated":true}]}}