{"id":11918,"date":"2025-11-30T13:10:26","date_gmt":"2025-11-30T13:10:26","guid":{"rendered":"https:\/\/adambookshop.com\/?post_type=product&#038;p=11918"},"modified":"2025-11-30T13:10:27","modified_gmt":"2025-11-30T13:10:27","slug":"gabbys-dollhouse-buch-zum-film","status":"publish","type":"product","link":"https:\/\/adambookshop.com\/?product=gabbys-dollhouse-buch-zum-film","title":{"rendered":"Gabby&#8217;s Dollhouse: Buch zum Film"},"content":{"rendered":"<h4>Das Buch zum Film<\/p>\n<p>Die junge Gabby unternimmt zusammen mit ihrer Gro\u00dfmutter GiGi einen Roadtrip in das st\u00e4dtische Wunderland Cat Francisco. W\u00e4hrend der Reise ger\u00e4t Gabbys geliebtes Puppenhaus in die H\u00e4nde der exzentrischen Katzenliebhaberin Vera. Um ihr Puppenhaus und die Gabby Cats zu retten, begibt sich Gabby auf ein aufregendes Abenteuer durch die reale Welt. Dabei muss sie all ihren Mut und ihre Kreativit\u00e4t einsetzen, um ihre tierischen Freunde wieder zu vereinen und ihr Zuhause zur\u00fcckzuerobern &#8230;<\/p>\n<p>Mit Originalbildern aus dem Film, zauberhaft nacherz\u00e4hlt zum Vorlesen f\u00fcr Kinder ab 3 Jahren.<\/h4>\n","protected":false},"excerpt":{"rendered":"<p>ISBN:9783845129518<\/p>\n","protected":false},"featured_media":11919,"comment_status":"open","ping_status":"closed","template":"","meta":{"content-type":""},"product_brand":[1221],"product_cat":[193,219],"product_tag":[],"class_list":{"0":"post-11918","1":"product","2":"type-product","3":"status-publish","4":"has-post-thumbnail","6":"product_brand-nelson","7":"product_cat-german","8":"product_cat-kids-german","9":"pa_format-hardcover","11":"first","12":"instock","13":"taxable","14":"shipping-taxable","15":"purchasable","16":"product-type-simple"},"_links":{"self":[{"href":"https:\/\/adambookshop.com\/index.php?rest_route=\/wp\/v2\/product\/11918","targetHints":{"allow":["GET"]}}],"collection":[{"href":"https:\/\/adambookshop.com\/index.php?rest_route=\/wp\/v2\/product"}],"about":[{"href":"https:\/\/adambookshop.com\/index.php?rest_route=\/wp\/v2\/types\/product"}],"replies":[{"embeddable":true,"href":"https:\/\/adambookshop.com\/index.php?rest_route=%2Fwp%2Fv2%2Fcomments&post=11918"}],"wp:featuredmedia":[{"embeddable":true,"href":"https:\/\/adambookshop.com\/index.php?rest_route=\/wp\/v2\/media\/11919"}],"wp:attachment":[{"href":"https:\/\/adambookshop.com\/index.php?rest_route=%2Fwp%2Fv2%2Fmedia&parent=11918"}],"wp:term":[{"taxonomy":"product_brand","embeddable":true,"href":"https:\/\/adambookshop.com\/index.php?rest_route=%2Fwp%2Fv2%2Fproduct_brand&post=11918"},{"taxonomy":"product_cat","embeddable":true,"href":"https:\/\/adambookshop.com\/index.php?rest_route=%2Fwp%2Fv2%2Fproduct_cat&post=11918"},{"taxonomy":"product_tag","embeddable":true,"href":"https:\/\/adambookshop.com\/index.php?rest_route=%2Fwp%2Fv2%2Fproduct_tag&post=11918"}],"curies":[{"name":"wp","href":"https:\/\/api.w.org\/{rel}","templated":true}]}}