{"id":11916,"date":"2025-11-30T13:08:38","date_gmt":"2025-11-30T13:08:38","guid":{"rendered":"https:\/\/adambookshop.com\/?post_type=product&#038;p=11916"},"modified":"2025-11-30T13:08:38","modified_gmt":"2025-11-30T13:08:38","slug":"gabbys-dollhouse-die-schonsten-vorlesegeschichten","status":"publish","type":"product","link":"https:\/\/adambookshop.com\/?product=gabbys-dollhouse-die-schonsten-vorlesegeschichten","title":{"rendered":"Gabby&#8217;s Dollhouse: Die sch\u00f6nsten Vorlesegeschichten."},"content":{"rendered":"<h4>Schnurr-tastischer Vorlesespa\u00df mit Gabby und ihren Freunden<\/p>\n<p>Wenn Gabby Girl ihre magischen Katzenohren aufsetzt und ein Lied singt, wird sie auf der Stelle ganz klein &#8230; Nun kann sie in ihrem eigenen Puppenhaus spannende Abenteuer mit ihren Katzenfreunden erleben. Nat\u00fcrlich ist auch Panda Pf\u00f6tchen immer mit dabei! Sechs zauberhafte Geschichten mit vielen Bildern aus der beliebten TV-Serie &#8211; zum Lesen und Vorlesen!<br \/>\nSechs spannende Abenteuer: Von Halloween-Streichen bis zu magischen Feengarten-Momenten &#8211; jedes Abenteuer ist ein Highlight.Liebevoll illustriert: Die bunten und detailreichen Bilder erwecken die Geschichten zum Leben.F\u00f6rdert Fantasie und Kreativit\u00e4t: Lustige, kindgerechte Geschichten, die zum Tr\u00e4umen und Mitmachen anregen.Ideal f\u00fcr kleine Katzenfans: Perfekt f\u00fcr Jungen und M\u00e4dchen ab 3 Jahren.<\/p>\n<p>Ein Must-Have f\u00fcr alle Gabby-Fans &#8211; zum Vorlesen, Anschauen und Immer-wieder-Entdecken!<\/h4>\n","protected":false},"excerpt":{"rendered":"<p>ISBN:9783845123998<\/p>\n","protected":false},"featured_media":11917,"comment_status":"open","ping_status":"closed","template":"","meta":{"content-type":""},"product_brand":[1221],"product_cat":[193,219],"product_tag":[],"class_list":{"0":"post-11916","1":"product","2":"type-product","3":"status-publish","4":"has-post-thumbnail","6":"product_brand-nelson","7":"product_cat-german","8":"product_cat-kids-german","9":"pa_format-hardcover","11":"first","12":"instock","13":"taxable","14":"shipping-taxable","15":"purchasable","16":"product-type-simple"},"_links":{"self":[{"href":"https:\/\/adambookshop.com\/index.php?rest_route=\/wp\/v2\/product\/11916","targetHints":{"allow":["GET"]}}],"collection":[{"href":"https:\/\/adambookshop.com\/index.php?rest_route=\/wp\/v2\/product"}],"about":[{"href":"https:\/\/adambookshop.com\/index.php?rest_route=\/wp\/v2\/types\/product"}],"replies":[{"embeddable":true,"href":"https:\/\/adambookshop.com\/index.php?rest_route=%2Fwp%2Fv2%2Fcomments&post=11916"}],"wp:featuredmedia":[{"embeddable":true,"href":"https:\/\/adambookshop.com\/index.php?rest_route=\/wp\/v2\/media\/11917"}],"wp:attachment":[{"href":"https:\/\/adambookshop.com\/index.php?rest_route=%2Fwp%2Fv2%2Fmedia&parent=11916"}],"wp:term":[{"taxonomy":"product_brand","embeddable":true,"href":"https:\/\/adambookshop.com\/index.php?rest_route=%2Fwp%2Fv2%2Fproduct_brand&post=11916"},{"taxonomy":"product_cat","embeddable":true,"href":"https:\/\/adambookshop.com\/index.php?rest_route=%2Fwp%2Fv2%2Fproduct_cat&post=11916"},{"taxonomy":"product_tag","embeddable":true,"href":"https:\/\/adambookshop.com\/index.php?rest_route=%2Fwp%2Fv2%2Fproduct_tag&post=11916"}],"curies":[{"name":"wp","href":"https:\/\/api.w.org\/{rel}","templated":true}]}}