{"id":11908,"date":"2025-11-30T12:53:24","date_gmt":"2025-11-30T12:53:24","guid":{"rendered":"https:\/\/adambookshop.com\/?post_type=product&#038;p=11908"},"modified":"2025-11-30T12:53:25","modified_gmt":"2025-11-30T12:53:25","slug":"disney-vorlesebuch-gutenacht-geschichten-fur-schone-traume","status":"publish","type":"product","link":"https:\/\/adambookshop.com\/?product=disney-vorlesebuch-gutenacht-geschichten-fur-schone-traume","title":{"rendered":"Disney Vorlesebuch: Gutenacht-Geschichten f\u00fcr sch\u00f6ne Tr\u00e4ume"},"content":{"rendered":"<h4>Magische Disney-Geschichten f\u00fcr das Vorleseritual am Abend<\/p>\n<p>Deine liebsten Disney-Held_innen laden zu herzerw\u00e4rmenden Gutenacht-Geschichten ein, die kleine Fans sanft in den Schlaf begleiten. Simba, Bambi und weitere beliebte Disney-Figuren erleben noch wundervolle Abenteuer, bevor es auch f\u00fcr sie Zeit ist, ins Bett zu gehen. Jede Geschichte ist mit vielen gro\u00dfformatigen Bildern liebevoll gestaltet und hat eine perfekte L\u00e4nge, um vor dem Schlafengehen vorgelesen zu werden.<br \/>\n4 Geschichten auf 80 SeitenAbenteuer aus der Welt von Bambi, K\u00f6nig der L\u00f6wen, den Aristocats und Die Hexe und der Zaubererviele Bilder und kurze Texte<br \/>\nGutenacht-Geschichten f\u00fcr Kinder ab 3 Jahren &#8211; perfekt f\u00fcr ruhige Abende und s\u00fc\u00dfe Tr\u00e4ume!<\/h4>\n","protected":false},"excerpt":{"rendered":"<p>ISBN:9783845128245<\/p>\n","protected":false},"featured_media":11909,"comment_status":"open","ping_status":"closed","template":"","meta":{"content-type":""},"product_brand":[1221],"product_cat":[193,219],"product_tag":[],"class_list":{"0":"post-11908","1":"product","2":"type-product","3":"status-publish","4":"has-post-thumbnail","6":"product_brand-nelson","7":"product_cat-german","8":"product_cat-kids-german","9":"pa_format-hardcover","11":"first","12":"instock","13":"taxable","14":"shipping-taxable","15":"purchasable","16":"product-type-simple"},"_links":{"self":[{"href":"https:\/\/adambookshop.com\/index.php?rest_route=\/wp\/v2\/product\/11908","targetHints":{"allow":["GET"]}}],"collection":[{"href":"https:\/\/adambookshop.com\/index.php?rest_route=\/wp\/v2\/product"}],"about":[{"href":"https:\/\/adambookshop.com\/index.php?rest_route=\/wp\/v2\/types\/product"}],"replies":[{"embeddable":true,"href":"https:\/\/adambookshop.com\/index.php?rest_route=%2Fwp%2Fv2%2Fcomments&post=11908"}],"wp:featuredmedia":[{"embeddable":true,"href":"https:\/\/adambookshop.com\/index.php?rest_route=\/wp\/v2\/media\/11909"}],"wp:attachment":[{"href":"https:\/\/adambookshop.com\/index.php?rest_route=%2Fwp%2Fv2%2Fmedia&parent=11908"}],"wp:term":[{"taxonomy":"product_brand","embeddable":true,"href":"https:\/\/adambookshop.com\/index.php?rest_route=%2Fwp%2Fv2%2Fproduct_brand&post=11908"},{"taxonomy":"product_cat","embeddable":true,"href":"https:\/\/adambookshop.com\/index.php?rest_route=%2Fwp%2Fv2%2Fproduct_cat&post=11908"},{"taxonomy":"product_tag","embeddable":true,"href":"https:\/\/adambookshop.com\/index.php?rest_route=%2Fwp%2Fv2%2Fproduct_tag&post=11908"}],"curies":[{"name":"wp","href":"https:\/\/api.w.org\/{rel}","templated":true}]}}