{"id":11901,"date":"2025-11-30T12:32:34","date_gmt":"2025-11-30T12:32:34","guid":{"rendered":"https:\/\/adambookshop.com\/?post_type=product&#038;p=11901"},"modified":"2025-11-30T12:32:35","modified_gmt":"2025-11-30T12:32:35","slug":"rolfs-wintergeheimnisse","status":"publish","type":"product","link":"https:\/\/adambookshop.com\/?product=rolfs-wintergeheimnisse","title":{"rendered":"Rolfs Wintergeheimnisse"},"content":{"rendered":"<h4 style=\"text-align: left\">Es ist Winter, genau die richtige Jahreszeit, um es sich gem\u00fctlich zu machen. Nach dem gro\u00dfartigen Erfolg des Bilderbuches &#8220;Rolfs Liedergeheimnisse&#8221;, sind Rolf Zuckowski und Sarah Settgast zur\u00fcck und haben f\u00fcr euch das ein oder andere Geheimnis in Rolfs Winterliedern entdeckt. Taucht ein in die magischste Zeit des Jahres, genie\u00dft Klassiker wie &#8220;Die Weihnachtsb\u00e4ckerei&#8221; oder entdeckt Sch\u00e4tze wie &#8220;Dezembertr\u00e4ume\u201c. Ein echtes Kleinod bildet Sarahs k\u00fcnstlerische Neuinterpretation der Jahresuhr.<\/h4>\n<h4 style=\"text-align: left\">&#8211; Eine Uhr muss nicht immer rund sein! Mit viel Liebe zum Detail und einer aufwendigen Gouache-Technik erweckt Sarah Settgast &#8220;Rolfs Wintergeheimnisse&#8221; zum Leben. Eine gro\u00dfartige Auswahl an Musik und Zeichnungen f\u00fcr Klein und Gro\u00df.<\/h4>\n<h4 style=\"text-align: left\">&#8211; Beiden K\u00fcnstlern war es wichtig, die Vielfalt des Lebens zu zeigen.Kommt mit auf unsere Winterreise! Das Buch enth\u00e4lt noch einige Geheimnisse, die Ihr \u00fcber die neue Audio-Pappe App erleben k\u00f6nnt: Mit der App zum Buch bringt Ihr jede Seite im Buch zum Klingen. H\u00f6rt die Lieder zu den Bildern und singt den ganzen Text mit. Auf dem Cover erwartet euch eine \u00dcberraschung. Einfach den QR-Code auf dem Buch scannen und die App aufs Handy laden.<\/h4>\n","protected":false},"excerpt":{"rendered":"<p>ISBN:9783947979110<\/p>\n","protected":false},"featured_media":11902,"comment_status":"open","ping_status":"closed","template":"","meta":{"content-type":""},"product_brand":[],"product_cat":[193,219],"product_tag":[],"class_list":{"0":"post-11901","1":"product","2":"type-product","3":"status-publish","4":"has-post-thumbnail","6":"product_cat-german","7":"product_cat-kids-german","8":"pa_format-hardcover","10":"first","11":"instock","12":"taxable","13":"shipping-taxable","14":"purchasable","15":"product-type-simple"},"_links":{"self":[{"href":"https:\/\/adambookshop.com\/index.php?rest_route=\/wp\/v2\/product\/11901","targetHints":{"allow":["GET"]}}],"collection":[{"href":"https:\/\/adambookshop.com\/index.php?rest_route=\/wp\/v2\/product"}],"about":[{"href":"https:\/\/adambookshop.com\/index.php?rest_route=\/wp\/v2\/types\/product"}],"replies":[{"embeddable":true,"href":"https:\/\/adambookshop.com\/index.php?rest_route=%2Fwp%2Fv2%2Fcomments&post=11901"}],"wp:featuredmedia":[{"embeddable":true,"href":"https:\/\/adambookshop.com\/index.php?rest_route=\/wp\/v2\/media\/11902"}],"wp:attachment":[{"href":"https:\/\/adambookshop.com\/index.php?rest_route=%2Fwp%2Fv2%2Fmedia&parent=11901"}],"wp:term":[{"taxonomy":"product_brand","embeddable":true,"href":"https:\/\/adambookshop.com\/index.php?rest_route=%2Fwp%2Fv2%2Fproduct_brand&post=11901"},{"taxonomy":"product_cat","embeddable":true,"href":"https:\/\/adambookshop.com\/index.php?rest_route=%2Fwp%2Fv2%2Fproduct_cat&post=11901"},{"taxonomy":"product_tag","embeddable":true,"href":"https:\/\/adambookshop.com\/index.php?rest_route=%2Fwp%2Fv2%2Fproduct_tag&post=11901"}],"curies":[{"name":"wp","href":"https:\/\/api.w.org\/{rel}","templated":true}]}}