{"id":10936,"date":"2025-05-11T14:24:53","date_gmt":"2025-05-11T14:24:53","guid":{"rendered":"https:\/\/adambookshop.com\/?post_type=product&#038;p=10936"},"modified":"2026-01-11T03:53:42","modified_gmt":"2026-01-11T03:53:42","slug":"treffpunkt-%c2%b7-deutsch-fur-die-integration-%c2%b7-b1-2","status":"publish","type":"product","link":"https:\/\/adambookshop.com\/?product=treffpunkt-%c2%b7-deutsch-fur-die-integration-%c2%b7-b1-2","title":{"rendered":"Treffpunkt \u00b7 Deutsch f\u00fcr die Integration \u00b7 B1.2"},"content":{"rendered":"<div class=\"cv-column cv-column--l-8 cv-column--m-8 cv-column--s-12 cv-product__content-column-title\">\n<div class=\"cv-column cv-column--l-8 cv-column--m-8 cv-column--s-12 cv-product__content-column-title\">\n<div class=\"cv-column cv-column--l-8 cv-column--m-8 cv-column--s-12 cv-product__content-column-title\">\n<div class=\"cv-column cv-column--l-8 cv-column--m-8 cv-column--s-12 cv-product__content-column-title\">\n<div class=\"cv-column cv-column--l-8 cv-column--m-8 cv-column--s-12 cv-product__content-column-title\">\n<div class=\"cv-column cv-column--l-8 cv-column--m-8 cv-column--s-12 cv-product__content-column-title\">\n<h1 class=\"cv-product__title\"><span class=\"cv-product__title-info\">Kurs- und \u00dcbungsbuch<br \/>\nInkl. E-Book und PagePlayer-App<\/span><\/h1>\n<\/div>\n<div class=\"cv-column cv-column--l-8 cv-column--m-8 cv-column--s-12 cv-product__content-column-description\">\n<section class=\"cv-product__description\">\n<div class=\"cv-product__expansion-bar cv-expansion-bar\" data-component=\"TextCollapse\" data-prop-collapsed-height=\"100\" data-prop-collapsed-height-mobile=\"100\" data-prop-is-text-collapse-with-preview=\"true\" data-prop-content-id=\"collapsable-content-description-text\" data-prop-button-id=\"expand-content-button-description-text\">\n<div id=\"collapsable-content-description-text\" class=\"cv-expansion-bar__content-preview\" aria-hidden=\"false\">\n<div class=\"cv-product__description-item-description\">\n<div class=\"pim-producttext-standard\">\n<p>Alle mitnehmen und auch lernungewohnte Teilnehmerinnen und Teilnehmer zu einem erfolgreichen Abschluss ihres DaF-Kurses f\u00fchren \u2013 daf\u00fcr steht unser neues Lehrwerk\u00a0<em>Treffpunkt international!<\/em><\/p>\n<ul>\n<li>Das integrierte Kurs- und \u00dcbungsbuch enth\u00e4lt einen eingedruckten Lizenzcode zur\u00a0<strong>kostenlosen Freischaltung des E-Books\u00a0<\/strong>auf cornelsen.de.<\/li>\n<li>Alle Medien zum Lehrwerk wie\u00a0<strong>Audios, Videos, Texte und interaktive \u00dcbungen<\/strong>\u00a0k\u00f6nnen Sie \u00fcber die kostenlose\u00a0<strong>Cornelsen PagePlayer-App<\/strong>\u00a0abspielen oder in den\u00a0<strong>Webcodes<\/strong>\u00a0auf cornelsen.de\/codes streamen und herunterladen.<\/li>\n<\/ul>\n<p><strong>Kursbuchteil<\/strong><\/p>\n<ul>\n<li>Auf den ersten sechs Seiten werden die\u00a0<strong>Lerninhalte\u00a0<\/strong>vermittelt. Diese Seiten folgen einem einheitlichen linearen Aufbau: Einstieg ins Thema, selbstentdeckendes Lernen, Automatisieren, \u00dcben und eigenst\u00e4ndige Sprachproduktion.<\/li>\n<li>Auf den\u00a0<strong>Abschluss-Seiten<\/strong>\u00a0jeder Einheit werden Wortschatz, Strukturen und Kommunikation in einem anderen, oft berufsbezogenen Kontext wiederholt.<\/li>\n<li><strong>Attraktiv gestaltete Magazin-Seiten<\/strong>\u00a0nach jeder zweiten Einheit bieten neue Perspektiven auf die Themen der vorausgehenden Einheiten und erm\u00f6glichen mit interessanten Projekten ganzheitliches, gemeinschaftliches Lernen.<\/li>\n<\/ul>\n<p><strong>\u00dcbungsbuchteil<\/strong><\/p>\n<p>Mit\u00a0<strong>abwechslungsreichen Aufgaben<\/strong>\u00a0zu jeder Einheit \u00fcben und wiederholen Ihre Kursteilnehmer\/-innen im \u00dcbungsbuchteil den relevanten\u00a0<strong>Wortschatz<\/strong>, wichtige\u00a0<strong>Redemittel\u00a0<\/strong>und Strukturen und trainieren alle\u00a0<strong>Sprachfertigkeiten<\/strong>. Es gibt Aufgaben im Pr\u00fcfungsformat und Wiederholungstests mit \u00dcbungen in der PagePlayer-App. Das \u00dcbungsbuch\u00a0erm\u00f6glicht ein regelm\u00e4\u00dfiges\u00a0<strong>Pr\u00fcfungstraining<\/strong>.<\/p>\n<p>&nbsp;<\/p>\n<p><strong>Weitere Vorteile:<\/strong><\/p>\n<ul>\n<li>Kooperative Aufgaben, die f\u00fcr echte Sprechanl\u00e4sse sorgen und die Kommunikation im Unterricht f\u00f6rdern<\/li>\n<li>Humorvolle Video-Geschichten mit authentischen Protagonistinnen und Protagonisten<\/li>\n<li>Aufgaben zur Werte-Sensibilisierung, Medienkompetenz und zur individuellen Auswahl<\/li>\n<li>Interaktives Angebot zum individuellen \u00dcben<\/li>\n<li>Visualisierung von wichtigem Wortschatz und grammatischen Strukturen<\/li>\n<li>Abwechslungsreiche \u00dcbungen<\/li>\n<li>Rechtschreib- und Schreibtraining<\/li>\n<li>Wiederholungstests mit interaktiven \u00dcbungen<\/li>\n<li>Pr\u00fcfungstraining mit Modellaufgaben<\/li>\n<\/ul>\n<p><em>Treffpunkt international<\/em>\u00a0ist Ihr idealer Begleiter f\u00fcr Integrations- und Berufsmigrationskurse weltweit und bereitet Ihre Lernenden Schritt f\u00fcr Schritt auf das Leben und Arbeiten in Deutschland vor.<\/p>\n<\/div>\n<\/div>\n<\/div>\n<\/div>\n<\/section>\n<\/div>\n<\/div>\n<\/div>\n<\/div>\n<\/div>\n<\/div>\n","protected":false},"excerpt":{"rendered":"<h1 class=\"cv-product__title\"><span class=\"cv-product__title-subheading\">Internationale Ausgabe \u2013 Deutsch als Fremdsprache \u00b7 B1: Teilband 2<\/span><\/h1>\n<p>&nbsp;<\/p>\n<p>ISBN: 9783061228750<\/p>\n","protected":false},"featured_media":10937,"comment_status":"open","ping_status":"closed","template":"","meta":{"content-type":""},"product_brand":[233],"product_cat":[193,184],"product_tag":[],"class_list":{"0":"post-10936","1":"product","2":"type-product","3":"status-publish","4":"has-post-thumbnail","6":"product_brand-cornelsen-verlag","7":"product_cat-german","8":"product_cat-german-courses","9":"pa_format-paperback","11":"first","12":"instock","13":"taxable","14":"shipping-taxable","15":"purchasable","16":"product-type-simple"},"_links":{"self":[{"href":"https:\/\/adambookshop.com\/index.php?rest_route=\/wp\/v2\/product\/10936","targetHints":{"allow":["GET"]}}],"collection":[{"href":"https:\/\/adambookshop.com\/index.php?rest_route=\/wp\/v2\/product"}],"about":[{"href":"https:\/\/adambookshop.com\/index.php?rest_route=\/wp\/v2\/types\/product"}],"replies":[{"embeddable":true,"href":"https:\/\/adambookshop.com\/index.php?rest_route=%2Fwp%2Fv2%2Fcomments&post=10936"}],"wp:featuredmedia":[{"embeddable":true,"href":"https:\/\/adambookshop.com\/index.php?rest_route=\/wp\/v2\/media\/10937"}],"wp:attachment":[{"href":"https:\/\/adambookshop.com\/index.php?rest_route=%2Fwp%2Fv2%2Fmedia&parent=10936"}],"wp:term":[{"taxonomy":"product_brand","embeddable":true,"href":"https:\/\/adambookshop.com\/index.php?rest_route=%2Fwp%2Fv2%2Fproduct_brand&post=10936"},{"taxonomy":"product_cat","embeddable":true,"href":"https:\/\/adambookshop.com\/index.php?rest_route=%2Fwp%2Fv2%2Fproduct_cat&post=10936"},{"taxonomy":"product_tag","embeddable":true,"href":"https:\/\/adambookshop.com\/index.php?rest_route=%2Fwp%2Fv2%2Fproduct_tag&post=10936"}],"curies":[{"name":"wp","href":"https:\/\/api.w.org\/{rel}","templated":true}]}}