{"id":10922,"date":"2025-05-11T14:07:11","date_gmt":"2025-05-11T14:07:11","guid":{"rendered":"https:\/\/adambookshop.com\/?post_type=product&#038;p=10922"},"modified":"2025-05-28T08:47:59","modified_gmt":"2025-05-28T08:47:59","slug":"fokus-deutsch","status":"publish","type":"product","link":"https:\/\/adambookshop.com\/?product=fokus-deutsch","title":{"rendered":"Fokus Deutsch \u00b7 B1"},"content":{"rendered":"<div class=\"cv-column cv-column--l-8 cv-column--m-8 cv-column--s-12 cv-product__content-column-title\">\n<div class=\"cv-column cv-column--l-8 cv-column--m-8 cv-column--s-12 cv-product__content-column-title\">\n<h1 class=\"cv-product__title\"><span class=\"cv-product__title-info\">Kurs- und \u00dcbungsbuch passend zum Deutsch-Test f\u00fcr den Beruf B1<br \/>\nInkl. E-Book und PagePlayer-App<\/span><\/h1>\n<\/div>\n<div class=\"cv-column cv-column--l-8 cv-column--m-8 cv-column--s-12 cv-product__content-column-description\">\n<section class=\"cv-product__description\">\n<div class=\"cv-product__expansion-bar cv-expansion-bar\" data-component=\"TextCollapse\" data-prop-collapsed-height=\"100\" data-prop-collapsed-height-mobile=\"100\" data-prop-is-text-collapse-with-preview=\"true\" data-prop-content-id=\"collapsable-content-description-text\" data-prop-button-id=\"expand-content-button-description-text\">\n<div id=\"collapsable-content-description-text\" class=\"cv-expansion-bar__content-preview\" aria-hidden=\"false\">\n<div class=\"cv-product__description-item-description\">\n<div class=\"pim-producttext-standard\">\n<p><em><strong>Fokus Deutsch \u2013 Erfolgreich in Alltag und Beruf B1\u00a0<\/strong><\/em>setzt die Lernziele des\u00a0<strong>Berufssprachkurses\u00a0<\/strong>B1 des Bundesamts f\u00fcr Migration und Fl\u00fcchtlinge (BAMF) konsequent um und bereitet die Lernenden zuverl\u00e4ssig auf die Abschlusspr\u00fcfung\u00a0<strong>Deutsch-Test f\u00fcr den Beruf B1<\/strong>\u00a0vor. Das Lehrwerk wiederholt kleinschrittig und systematisch die zentralen grammatischen Themen und vermittelt gezielt W\u00f6rter und Redemittel in beruflichen Situationen.<\/p>\n<ul>\n<li>Das Kurs- und \u00dcbungsbuch enth\u00e4lt einen eingedruckten Lizenzcode zur\u00a0<strong>kostenlosen Freischaltung des E-Books\u00a0<\/strong>auf mein.cornelsen.de.<\/li>\n<li>Alle Medien zum Lehrwerk wie Audios, Videos und interaktive \u00dcbungen k\u00f6nnen Sie \u00fcber die\u00a0<strong>kostenlose Cornelsen PagePlayer-App<\/strong>\u00a0abspielen oder in den Webcodes auf cornelsen.de\/codes streamen und herunterladen.<\/li>\n<li>Insgesamt bietet das Kurs- und \u00dcbungsbuch Material f\u00fcr\u00a0<strong>400 Unterrichtseinheiten<\/strong>.<\/li>\n<li>Es richtet sich an erwachsene Deutschlernende, die sich die sich auf den Berufsalltag in Deutschland vorbereiten wollen oder an weiterf\u00fchrenden Qualifizierungsma\u00dfnahmen bspw. im Rahmen der bundesweiten\u00a0<strong>berufsbezogenen Deutschsprachf\u00f6rderung<\/strong>\u00a0nach \u00a745a Aufenthaltsgesetz teilnehmen.<\/li>\n<\/ul>\n<p><strong>Das Kurs- und \u00dcbungsbuch umfasst 14 Einheiten sowie vier Stationen zum Pr\u00fcfungstraining<\/strong><\/p>\n<ul>\n<li>Im Mittelpunkt der transparenten Lernsequenzen steht\u00a0<strong>aktives Sprachhandeln<\/strong>\u00a0in arbeitsweltnahen Kontexten.<\/li>\n<li>Systematisch trainiert werden die Fertigkeiten Sprechen, H\u00f6ren, Lesen und Schreiben berufsfeld\u00fcbergreifend in den vom BAMF (Bundesamt f\u00fcr Migration und Fl\u00fcchtlinge) beschriebenen\u00a0<strong>elf thematischen Handlungsfeldern<\/strong>\u00a0(wie z. B. Arbeitssuche und Bewerbung, Arbeitsantritt, innerbetriebliche Kommunikation oder Au\u00dfenkontakte im Arbeitsalltag). Vielf\u00e4ltige Mediationsaufgaben unterst\u00fctzen die Entwicklung der\u00a0<strong>beruflichen Handlungskompetenz<\/strong>.<\/li>\n<li>Die vier Stationen zum\u00a0<strong>Pr\u00fcfungstraining\u00a0<\/strong>k\u00f6nnen optional bearbeitet werden:<br \/>\n&#8211;\u00a0Sie wiederholen jeweils auf drei Seiten Wortschatz und Grammatik.<br \/>\n&#8211;\u00a0Die nachfolgende Videoseite \u201eBerufe im Fokus\u201c der Deutschen Welle stellt verschiedene Berufe vor: Das\u00a0<strong>H\u00f6r-Sehverstehen<\/strong>\u00a0wird so effektiv trainiert.<br \/>\n&#8211;\u00a0Abschlie\u00dfend bereitet ein\u00a0<strong>intensives Pr\u00fcfungstraining<\/strong>\u00a0die Lernenden optimal auf alle Testformate im Deutsch-Test f\u00fcr den Beruf B1 vor.<\/li>\n<\/ul>\n<\/div>\n<\/div>\n<\/div>\n<\/div>\n<\/section>\n<\/div>\n<\/div>\n","protected":false},"excerpt":{"rendered":"<h3>Allgemeine Ausgabe \u00b7 B1<br \/>\nErfolgreich in Alltag und Beruf<\/h3>\n<p>ISBN: 9783061232139<\/p>\n","protected":false},"featured_media":10923,"comment_status":"open","ping_status":"closed","template":"","meta":{"content-type":""},"product_brand":[233],"product_cat":[193,184],"product_tag":[],"class_list":{"0":"post-10922","1":"product","2":"type-product","3":"status-publish","4":"has-post-thumbnail","6":"product_brand-cornelsen-verlag","7":"product_cat-german","8":"product_cat-german-courses","10":"first","11":"instock","12":"taxable","13":"shipping-taxable","14":"purchasable","15":"product-type-simple"},"_links":{"self":[{"href":"https:\/\/adambookshop.com\/index.php?rest_route=\/wp\/v2\/product\/10922","targetHints":{"allow":["GET"]}}],"collection":[{"href":"https:\/\/adambookshop.com\/index.php?rest_route=\/wp\/v2\/product"}],"about":[{"href":"https:\/\/adambookshop.com\/index.php?rest_route=\/wp\/v2\/types\/product"}],"replies":[{"embeddable":true,"href":"https:\/\/adambookshop.com\/index.php?rest_route=%2Fwp%2Fv2%2Fcomments&post=10922"}],"wp:featuredmedia":[{"embeddable":true,"href":"https:\/\/adambookshop.com\/index.php?rest_route=\/wp\/v2\/media\/10923"}],"wp:attachment":[{"href":"https:\/\/adambookshop.com\/index.php?rest_route=%2Fwp%2Fv2%2Fmedia&parent=10922"}],"wp:term":[{"taxonomy":"product_brand","embeddable":true,"href":"https:\/\/adambookshop.com\/index.php?rest_route=%2Fwp%2Fv2%2Fproduct_brand&post=10922"},{"taxonomy":"product_cat","embeddable":true,"href":"https:\/\/adambookshop.com\/index.php?rest_route=%2Fwp%2Fv2%2Fproduct_cat&post=10922"},{"taxonomy":"product_tag","embeddable":true,"href":"https:\/\/adambookshop.com\/index.php?rest_route=%2Fwp%2Fv2%2Fproduct_tag&post=10922"}],"curies":[{"name":"wp","href":"https:\/\/api.w.org\/{rel}","templated":true}]}}