{"id":10444,"date":"2025-05-07T09:59:47","date_gmt":"2025-05-07T09:59:47","guid":{"rendered":"https:\/\/adambookshop.com\/?post_type=product&#038;p=10444"},"modified":"2025-05-07T10:01:48","modified_gmt":"2025-05-07T10:01:48","slug":"mein-superdicker-deutschblock-mit-rabe-linus","status":"publish","type":"product","link":"https:\/\/adambookshop.com\/?product=mein-superdicker-deutschblock-mit-rabe-linus","title":{"rendered":"Mein superdicker Deutschblock mit Rabe Linus"},"content":{"rendered":"<h2>Der rabenstrake Lernspa\u00df f\u00fcr die 1. und 2. Klasse<\/h2>\n<ul>\n<li>\u00dcber 120 motivierende Schreibaufgaben und Leser\u00e4tsel zum selbstst\u00e4ndigen \u00dcben f\u00fcr zu Hause und unterwegs<\/li>\n<li>Passend zu Themen aus dem Deutschunterricht der 1. und 2. Klasse<\/li>\n<li>L\u00f6sungen auf der R\u00fcckseite<\/li>\n<li>Von der Autorin mit Kindern getestet<\/li>\n<\/ul>\n","protected":false},"excerpt":{"rendered":"<h2 class=\"col-12 product-detail-series-description\">1.\/2. Klasse<\/h2>\n<p>&nbsp;<\/p>\n<p>ISBN: 9783411720071<\/p>\n","protected":false},"featured_media":10445,"comment_status":"open","ping_status":"closed","template":"","meta":{"content-type":""},"product_brand":[995],"product_cat":[201],"product_tag":[],"class_list":{"0":"post-10444","1":"product","2":"type-product","3":"status-publish","4":"has-post-thumbnail","6":"product_brand-duden-verlag","7":"product_cat-duden","8":"pa_book-author-dorothee-raab","9":"pa_format-paperback","11":"first","12":"instock","13":"taxable","14":"shipping-taxable","15":"purchasable","16":"product-type-simple"},"_links":{"self":[{"href":"https:\/\/adambookshop.com\/index.php?rest_route=\/wp\/v2\/product\/10444","targetHints":{"allow":["GET"]}}],"collection":[{"href":"https:\/\/adambookshop.com\/index.php?rest_route=\/wp\/v2\/product"}],"about":[{"href":"https:\/\/adambookshop.com\/index.php?rest_route=\/wp\/v2\/types\/product"}],"replies":[{"embeddable":true,"href":"https:\/\/adambookshop.com\/index.php?rest_route=%2Fwp%2Fv2%2Fcomments&post=10444"}],"wp:featuredmedia":[{"embeddable":true,"href":"https:\/\/adambookshop.com\/index.php?rest_route=\/wp\/v2\/media\/10445"}],"wp:attachment":[{"href":"https:\/\/adambookshop.com\/index.php?rest_route=%2Fwp%2Fv2%2Fmedia&parent=10444"}],"wp:term":[{"taxonomy":"product_brand","embeddable":true,"href":"https:\/\/adambookshop.com\/index.php?rest_route=%2Fwp%2Fv2%2Fproduct_brand&post=10444"},{"taxonomy":"product_cat","embeddable":true,"href":"https:\/\/adambookshop.com\/index.php?rest_route=%2Fwp%2Fv2%2Fproduct_cat&post=10444"},{"taxonomy":"product_tag","embeddable":true,"href":"https:\/\/adambookshop.com\/index.php?rest_route=%2Fwp%2Fv2%2Fproduct_tag&post=10444"}],"curies":[{"name":"wp","href":"https:\/\/api.w.org\/{rel}","templated":true}]}}