{"id":10441,"date":"2025-05-05T17:30:43","date_gmt":"2025-05-05T17:30:43","guid":{"rendered":"https:\/\/adambookshop.com\/?post_type=product&#038;p=10441"},"modified":"2025-05-05T17:30:43","modified_gmt":"2025-05-05T17:30:43","slug":"das-gehirn","status":"publish","type":"product","link":"https:\/\/adambookshop.com\/?product=das-gehirn","title":{"rendered":"Das Gehirn"},"content":{"rendered":"<h5>Wie h\u00e4ngen Ger\u00fcche mit Empfindungen zusammen und welche Rolle spielt dabei das Gehirn? Der derzeit aktuellste Bildatlas zum Thema und ein erstklassiges Nachschlagewerk, welches in seiner aufwendigen Ausstattung dem preisgekr\u00f6nten DK-Bildatlas ?Der menschliche K\u00f6rper? folgt, liefert die Antworten. Komplexe Zusammenh\u00e4nge werden darin anschaulich erkl\u00e4rt und auf alle Aspekte der Hirnforschung, von Anatomie und Funktionen \u00fcber Bewusstsein und Psyche eingegangen. \u00dcber 1.000 Farbfotos, Computergrafiken und Illustrationen erm\u00f6glichen einzigartig detaillierte Darstellungen und einen au\u00dfergew\u00f6hnlichen Einblick in die faszinierende Thematik. Aktuellste Forschungsergebnisse werden von anerkannten Fachautoren verst\u00e4ndlich und anschaulich pr\u00e4sentiert, so dass nicht nur fachkundige Leser einen \u00dcberblick erhalten. Das ausf\u00fchrliche Glossar rundet den Innenteil ab und erleichtert zudem die Handhabung. Ideal f\u00fcr Studenten, Mediziner und alle, die mehr \u00fcber das menschliche Gehirn erfahren m\u00f6chten.<\/h5>\n","protected":false},"excerpt":{"rendered":"<p>ISBN:9783831017300<\/p>\n<p>&nbsp;<\/p>\n","protected":false},"featured_media":10442,"comment_status":"open","ping_status":"closed","template":"","meta":{"content-type":""},"product_brand":[987],"product_cat":[1042,193],"product_tag":[],"class_list":{"0":"post-10441","1":"product","2":"type-product","3":"status-publish","4":"has-post-thumbnail","6":"product_brand-dk","7":"product_cat-encyclopedia-german","8":"product_cat-german","9":"pa_format-hardcover","11":"first","12":"instock","13":"taxable","14":"shipping-taxable","15":"purchasable","16":"product-type-simple"},"_links":{"self":[{"href":"https:\/\/adambookshop.com\/index.php?rest_route=\/wp\/v2\/product\/10441","targetHints":{"allow":["GET"]}}],"collection":[{"href":"https:\/\/adambookshop.com\/index.php?rest_route=\/wp\/v2\/product"}],"about":[{"href":"https:\/\/adambookshop.com\/index.php?rest_route=\/wp\/v2\/types\/product"}],"replies":[{"embeddable":true,"href":"https:\/\/adambookshop.com\/index.php?rest_route=%2Fwp%2Fv2%2Fcomments&post=10441"}],"wp:featuredmedia":[{"embeddable":true,"href":"https:\/\/adambookshop.com\/index.php?rest_route=\/wp\/v2\/media\/10442"}],"wp:attachment":[{"href":"https:\/\/adambookshop.com\/index.php?rest_route=%2Fwp%2Fv2%2Fmedia&parent=10441"}],"wp:term":[{"taxonomy":"product_brand","embeddable":true,"href":"https:\/\/adambookshop.com\/index.php?rest_route=%2Fwp%2Fv2%2Fproduct_brand&post=10441"},{"taxonomy":"product_cat","embeddable":true,"href":"https:\/\/adambookshop.com\/index.php?rest_route=%2Fwp%2Fv2%2Fproduct_cat&post=10441"},{"taxonomy":"product_tag","embeddable":true,"href":"https:\/\/adambookshop.com\/index.php?rest_route=%2Fwp%2Fv2%2Fproduct_tag&post=10441"}],"curies":[{"name":"wp","href":"https:\/\/api.w.org\/{rel}","templated":true}]}}